{"id":2,"date":"2021-05-11T12:11:08","date_gmt":"2021-05-11T12:11:08","guid":{"rendered":"https:\/\/diconsulting.ca\/?page_id=2"},"modified":"2023-04-11T22:13:56","modified_gmt":"2023-04-11T22:13:56","slug":"home","status":"publish","type":"page","link":"https:\/\/diconsulting.ca\/fr\/","title":{"rendered":"Home"},"content":{"rendered":"<div class=\"wpb-content-wrapper\"><div data-parent=\"true\" class=\"vc_row has-bg need-focus style-color-xsdn-bg row-container\" id=\"row-unique-0\"><div class=\"row triple-top-padding triple-bottom-padding single-h-padding limit-width row-parent\"><div class=\"wpb_row row-inner\"><div class=\"wpb_column pos-top pos-center align_left column_parent col-lg-8 single-internal-gutter\"><div class=\"uncol style-light\"  ><div class=\"uncoltable\"><div class=\"uncell no-block-padding\" ><div class=\"uncont\" ><div class=\"vc_custom_heading_wrap\"><div class=\"heading-text el-text bottom-t-top animate_when_almost_visible\" ><h2 class=\"h1\" ><span>Le Diversity Institute<\/span><\/h2><\/div><div class=\"clear\"><\/div><\/div><div class=\"uncode_text_column alpha-anim animate_when_almost_visible\" ><p>Founded in 1999 with more than 130 full time staff and more than 200 partners across Canada, the Diversity Institute helped co-create the Challenge. Additionally, working with the Standards Council of Canada, the Diversity Institute developed the <a href=\"https:\/\/diconsulting.ca\/wp-content\/uploads\/2022\/03\/Di-PAS_FR_vf.pdf\" target=\"_blank\" rel=\"noopener\">sp\u00e9cification publiquement disponible<\/a>, which outlines the terminology and definitions of the Challenge.<\/p>\n<p>The Diversity Institute is also one of the organizations supported by the Ecosystem Fund to help signatories to the Challenge and other organizations achieve gender parity and increased diversity on their boards and\/or in senior leadership, and advance their equity, diversity and inclusion goals. The Diversity Institute is particularly focused on supporting Small Medium Enterprises with training and tools, and also will provide a database of women and diverse leaders. Other ecosystem partners include: <a href=\"https:\/\/egale.ca\/\" target=\"_blank\" rel=\"noopener\">\u00c9gale<\/a>, <a href=\"https:\/\/www.collegesinstitutes.ca\/fr\/\" target=\"_blank\" rel=\"noopener\">Coll\u00e8ges et instituts Canada<\/a>, <a href=\"https:\/\/unglobalcompact.ca\/\" target=\"_blank\" rel=\"noopener\">le Global Compact Network Canada<\/a>et <a href=\"https:\/\/womenseconomiccouncil.ca\/fr\/\" target=\"_blank\" rel=\"noopener\">le Conseil \u00e9conomique des femmes<\/a>.<\/p>\n<p>Le Diversity Institute h\u00e9berge \u00e9galement <a href=\"https:\/\/boiteaoutils.elementor.cloud\/\" target=\"_blank\" rel=\"noopener\">la bo\u00eete \u00e0 outils \u00ab Ce qui fonctionne \u00bb<\/a> developed by KPMG to support Canadian organizations striving to meet the Challenge goals. It offers tangible actions, strategies, and recommendations for incorporating diversity, equity, and inclusion. The toolkit also includes examples and successful efforts from Canadian organizations.<\/p>\n<\/div><\/div><\/div><\/div><\/div><\/div><div class=\"wpb_column pos-middle pos-center align_center column_parent col-lg-4 single-internal-gutter\"><div class=\"uncol style-light\"  ><div class=\"uncoltable\"><div class=\"uncell no-block-padding\" ><div class=\"uncont\" ><div class=\"icon-box icon-box-top\" ><div class=\"icon-box-icon fa-container\" style=\"margin-bottom: 0px;\" ><a role=\"button\" href=\"https:\/\/boiteaoutils.elementor.cloud\/\" title=\"D\u00e9couvrez la Bo\u00eete \u00e0 outils \u2013 Ce qui fonctionne\" aria-label=\"D\u00e9couvrez la Bo\u00eete \u00e0 outils \u2013 Ce qui fonctionne\" class=\"fa fa-stack fa-4x btn-color-424269 fa-rounded btn-shadow custom-link\"><i class=\"fa fa-briefcase\"><\/i><\/a><\/div><\/div><span class=\"btn-container\" ><a role=\"button\"  href=\"https:\/\/boiteaoutils.elementor.cloud\/\" class=\"custom-link btn border-width-0 btn-color-424269 btn-round btn-icon-left\" title=\"D\u00e9couvrez la Bo\u00eete \u00e0 outils \u2013 Ce qui fonctionne\" target=\"_blank\">D\u00e9couvrez la Bo\u00eete \u00e0 outils \u2013 Ce qui fonctionne<\/a><\/span><\/div><\/div><\/div><\/div><\/div><script id=\"script-row-unique-0\" data-row=\"script-row-unique-0\" type=\"text\/javascript\" class=\"vc_controls\">UNCODE.initRow(document.getElementById(\"row-unique-0\"));<\/script><\/div><\/div><\/div><div data-parent=\"true\" class=\"vc_row has-bg need-focus style-color-xsdn-bg row-container\" id=\"row-unique-1\"><div class=\"row-background background-element\" style=\"opacity: 1;\">\n\t\t\t\t\t\t\t\t\t\t\t<div class=\"background-wrapper\">\n\t\t\t\t\t\t\t\t\t\t\t\t<div class=\"background-inner\"><\/div>\n\t\t\t\t\t\t\t\t\t\t\t\t<div class=\"block-bg-overlay style-color-158390-bg\" style=\"opacity: 0.3;\"><\/div>\n\t\t\t\t\t\t\t\t\t\t\t<\/div>\n\t\t\t\t\t\t\t\t\t\t<\/div><div class=\"row triple-top-padding triple-bottom-padding single-h-padding limit-width row-parent\"><div class=\"wpb_row row-inner\"><div class=\"wpb_column pos-top pos-center align_left column_parent col-lg-12 single-internal-gutter\"><div class=\"uncol style-light\"  ><div class=\"uncoltable\"><div class=\"uncell no-block-padding\" ><div class=\"uncont\" ><div class=\"vc_custom_heading_wrap\"><div class=\"heading-text el-text bottom-t-top animate_when_almost_visible\" ><h2 class=\"h1\" ><span>Ressources<\/span><\/h2><\/div><div class=\"clear\"><\/div><\/div><div class=\"vc_row row-internal row-container\"><div class=\"row row-child\"><div class=\"wpb_row row-inner\"><div class=\"wpb_column pos-top pos-center align_left column_child col-lg-3 half-internal-gutter\"><div class=\"uncol style-light\" ><div class=\"uncoltable\"><div class=\"uncell no-block-padding\" ><div class=\"uncont\" ><div class=\"vc_custom_heading_wrap\"><div class=\"heading-text el-text\" ><h3 class=\"h3\" ><span>D\u00e9fi 50-30 dans le secteur \u00e0 but non lucratif<\/span><\/h3><\/div><div class=\"clear\"><\/div><\/div><span class=\"btn-container\" ><a role=\"button\"  href=\"https:\/\/drive.google.com\/file\/d\/1iO95UGjO2ulAINfVz-43TPjR_Ia9iw4P\/view\" class=\"custom-link btn border-width-0 btn-color-214406 btn-round btn-icon-left\" target=\"_blank\">Regarder le webinaire<\/a><\/span><\/div><\/div><\/div><\/div><\/div><div class=\"wpb_column pos-top pos-center align_left column_child col-lg-3 half-internal-gutter\"><div class=\"uncol style-light\" ><div class=\"uncoltable\"><div class=\"uncell no-block-padding\" ><div class=\"uncont\" ><div class=\"vc_custom_heading_wrap\"><div class=\"heading-text el-text\" ><h3 class=\"h3\" ><span>D\u00e9fi 50-30 dans le secteur des affaires<\/span><\/h3><\/div><div class=\"clear\"><\/div><\/div><span class=\"btn-container\" ><a role=\"button\"  href=\"https:\/\/drive.google.com\/file\/d\/1iO95UGjO2ulAINfVz-43TPjR_Ia9iw4P\/view\" class=\"custom-link btn border-width-0 btn-color-214406 btn-round btn-icon-left\" target=\"_blank\">Regarder le webinaire<\/a><\/span><\/div><\/div><\/div><\/div><\/div><div class=\"wpb_column pos-top pos-center align_left column_child col-lg-3 half-internal-gutter\"><div class=\"uncol style-light\" ><div class=\"uncoltable\"><div class=\"uncell no-block-padding\" ><div class=\"uncont\" ><\/div><\/div><\/div><\/div><\/div><div class=\"wpb_column pos-top pos-center align_left column_child col-lg-3 half-internal-gutter\"><div class=\"uncol style-light\" ><div class=\"uncoltable\"><div class=\"uncell no-block-padding\" ><div class=\"uncont\" ><\/div><\/div><\/div><\/div><\/div><\/div><\/div><\/div><div class=\"vc_row row-internal row-container\"><div class=\"row row-child\"><div class=\"wpb_row row-inner\"><div class=\"wpb_column pos-top pos-center align_left column_child col-lg-3 half-internal-gutter\"><div class=\"uncol style-light\" ><div class=\"uncoltable\"><div class=\"uncell no-block-padding\" ><div class=\"uncont\" ><div class=\"vc_custom_heading_wrap\"><div class=\"heading-text el-text\" ><h3 class=\"h3\" ><span>Challenge Workshop Resources<\/span><\/h3><\/div><div class=\"clear\"><\/div><\/div><span class=\"btn-container\" ><a role=\"button\"  href=\"https:\/\/diconsulting.ca\/wp-content\/uploads\/2022\/02\/PDF-English-50-30-Challenge-Workshop-Resources-panelist-details-and-links.pdf\" class=\"custom-link btn border-width-0 btn-color-214406 btn-round btn-icon-left\" target=\"_blank\">Voir le PDF<\/a><\/span><\/div><\/div><\/div><\/div><\/div><div class=\"wpb_column pos-top pos-center align_left column_child col-lg-3 half-internal-gutter\"><div class=\"uncol style-light\" ><div class=\"uncoltable\"><div class=\"uncell no-block-padding\" ><div class=\"uncont\" ><div class=\"vc_custom_heading_wrap\"><div class=\"heading-text el-text\" ><h3 class=\"h3\" ><span>Mat\u00e9riels de recherche et outils<\/span><\/h3><\/div><div class=\"clear\"><\/div><\/div><span class=\"btn-container\" ><a role=\"button\"  href=\"https:\/\/diconsulting.ca\/wp-content\/uploads\/2021\/07\/50-30_PAS_Research_Materials.pdf\" class=\"custom-link btn border-width-0 btn-color-214406 btn-round btn-icon-left\" target=\"_blank\">Voir le PDF<\/a><\/span><\/div><\/div><\/div><\/div><\/div><div class=\"wpb_column pos-top pos-center align_left column_child col-lg-3 half-internal-gutter\"><div class=\"uncol style-light\" ><div class=\"uncoltable\"><div class=\"uncell no-block-padding\" ><div class=\"uncont\" ><div class=\"vc_custom_heading_wrap\"><div class=\"heading-text el-text\" ><h3 class=\"h3\" ><span>Enregistrement vid\u00e9o du webinaire d'information sur la consultation<\/span><\/h3><\/div><div class=\"clear\"><\/div><\/div><span class=\"btn-container\" ><a role=\"button\"  href=\"https:\/\/drive.google.com\/file\/d\/1HMZHLa9QMpUbiwSvdprGj5jmJ3J3OiZd\/view\" class=\"custom-link btn border-width-0 btn-color-214406 btn-round btn-icon-left\" target=\"_blank\">Regarder le webinaire<\/a><\/span><\/div><\/div><\/div><\/div><\/div><div class=\"wpb_column pos-top pos-center align_left column_child col-lg-3 half-internal-gutter\"><div class=\"uncol style-light\" ><div class=\"uncoltable\"><div class=\"uncell no-block-padding\" ><div class=\"uncont\" ><\/div><\/div><\/div><\/div><\/div><\/div><\/div><\/div><\/div><\/div><\/div><\/div><\/div><script id=\"script-row-unique-1\" data-row=\"script-row-unique-1\" type=\"text\/javascript\" class=\"vc_controls\">UNCODE.initRow(document.getElementById(\"row-unique-1\"));<\/script><\/div><\/div><\/div><div data-parent=\"true\" class=\"vc_row has-bg need-focus style-color-424269-bg row-container\" id=\"row-unique-2\"><div class=\"row unequal no-top-padding no-bottom-padding no-h-padding full-width row-parent\"><div class=\"wpb_row row-inner\"><div class=\"wpb_column pos-top pos-center align_left column_parent col-lg-4 single-internal-gutter\"><div class=\"uncol style-light\"  ><div class=\"uncoltable\"><div class=\"uncell single-block-padding\" ><div class=\"column-background background-element\">\n\t\t\t\t\t\t\t\t\t\t\t<div class=\"background-wrapper\">\n\t\t\t\t\t\t\t\t\t\t\t\t<div class=\"background-inner\" style=\"background-image: url(https:\/\/diconsulting.ca\/wp-content\/uploads\/2021\/05\/woman-working.jpg);background-repeat: no-repeat;background-position: center center;background-size: cover;\" data-o_src=\"https:\/\/diconsulting.ca\/wp-content\/uploads\/2021\/05\/woman-working.jpg\"><\/div>\n\t\t\t\t\t\t\t\t\t\t\t\t\n\t\t\t\t\t\t\t\t\t\t\t<\/div>\n\t\t\t\t\t\t\t\t\t\t<\/div><div class=\"uncont\" ><\/div><\/div><\/div><\/div><\/div><div class=\"wpb_column pos-middle pos-left align_left column_parent col-lg-8 half-internal-gutter\"><div class=\"uncol style-spec style-dark\"  ><div class=\"uncoltable\"><div class=\"uncell double-block-padding\" ><div class=\"uncont\" style=\" max-width:79%;\" ><div class=\"vc_custom_heading_wrap\"><div class=\"heading-text el-text bottom-t-top animate_when_almost_visible\" ><h2 class=\"h1 font-weight-700\" ><span><span style=\"font-weight: 400;\">Questions?<\/span><\/span><\/h2><\/div><div class=\"clear\"><\/div><\/div><div class=\"uncode_text_column text-lead\" ><p>Pour plus d'informations, contactez-nous<\/p>\n<\/div><span class=\"btn-container animate_when_almost_visible alpha-anim\" ><a role=\"button\"  href=\"mailto:di.consulting@ryerson.ca.\" class=\"custom-link btn btn-lg border-width-0 btn-color-214406 btn-round btn-flat btn-shadow btn-icon-left\" target=\"_blank\">Envoyez-nous un courriel<\/a><\/span><\/div><\/div><\/div><\/div><\/div><script id=\"script-row-unique-2\" data-row=\"script-row-unique-2\" type=\"text\/javascript\" class=\"vc_controls\">UNCODE.initRow(document.getElementById(\"row-unique-2\"));<\/script><\/div><\/div><\/div>\n<\/div>","protected":false},"excerpt":{"rendered":"<p>Based on a competitive Request for Proposals, the Diversity Institute (DI) has been selected by the Standards Council of Canada (SCC) and Ministry of Innovation, Science and Economic Development (ISED), to lead the national consultation to develop a shared understanding of the terms and definitions contained in the Challenge.<\/p>","protected":false},"author":1,"featured_media":0,"parent":0,"menu_order":0,"comment_status":"closed","ping_status":"open","template":"","meta":{"_coblocks_attr":"","_coblocks_dimensions":"","_coblocks_responsive_height":"","_coblocks_accordion_ie_support":"","footnotes":""},"class_list":["post-2","page","type-page","status-publish","hentry"],"yoast_head":"<!-- This site is optimized with the Yoast SEO plugin v27.5 - https:\/\/yoast.com\/product\/yoast-seo-wordpress\/ -->\n<title>DI Consulting<\/title>\n<meta name=\"description\" content=\"The Diversity Institute, on behalf of the Ministry of Innovation, Science and Economic Development and the Standards Council of Canada, is leading a national consultation to support the challenge by developing a shared understanding of the terms and scope of the Challenge.\" \/>\n<meta name=\"robots\" content=\"index, follow, max-snippet:-1, max-image-preview:large, max-video-preview:-1\" \/>\n<link rel=\"canonical\" href=\"https:\/\/diconsulting.ca\/fr\/\" \/>\n<meta property=\"og:locale\" content=\"fr_CA\" \/>\n<meta property=\"og:type\" content=\"article\" \/>\n<meta property=\"og:title\" content=\"DI Consulting\" \/>\n<meta property=\"og:description\" content=\"The Diversity Institute, on behalf of the Ministry of Innovation, Science and Economic Development and the Standards Council of Canada, is leading a national consultation to support the challenge by developing a shared understanding of the terms and scope of the Challenge.\" \/>\n<meta property=\"og:url\" content=\"https:\/\/diconsulting.ca\/fr\/\" \/>\n<meta property=\"og:site_name\" content=\"DI Consulting\" \/>\n<meta property=\"article:modified_time\" content=\"2023-04-11T22:13:56+00:00\" \/>\n<meta name=\"twitter:card\" content=\"summary_large_image\" \/>\n<meta name=\"twitter:label1\" content=\"Estimation du temps de lecture\" \/>\n\t<meta name=\"twitter:data1\" content=\"3 minutes\" \/>\n<script type=\"application\/ld+json\" class=\"yoast-schema-graph\">{\"@context\":\"https:\\\/\\\/schema.org\",\"@graph\":[{\"@type\":\"WebPage\",\"@id\":\"https:\\\/\\\/diconsulting.ca\\\/\",\"url\":\"https:\\\/\\\/diconsulting.ca\\\/\",\"name\":\"DI Consulting\",\"isPartOf\":{\"@id\":\"https:\\\/\\\/diconsulting.ca\\\/#website\"},\"datePublished\":\"2021-05-11T12:11:08+00:00\",\"dateModified\":\"2023-04-11T22:13:56+00:00\",\"description\":\"The Diversity Institute, on behalf of the Ministry of Innovation, Science and Economic Development and the Standards Council of Canada, is leading a national consultation to support the challenge by developing a shared understanding of the terms and scope of the Challenge.\",\"breadcrumb\":{\"@id\":\"https:\\\/\\\/diconsulting.ca\\\/#breadcrumb\"},\"inLanguage\":\"fr-CA\",\"potentialAction\":[{\"@type\":\"ReadAction\",\"target\":[\"https:\\\/\\\/diconsulting.ca\\\/\"]}]},{\"@type\":\"BreadcrumbList\",\"@id\":\"https:\\\/\\\/diconsulting.ca\\\/#breadcrumb\",\"itemListElement\":[{\"@type\":\"ListItem\",\"position\":1,\"name\":\"Home\",\"item\":\"https:\\\/\\\/diconsulting.ca\\\/\"},{\"@type\":\"ListItem\",\"position\":2,\"name\":\"Home\"}]},{\"@type\":\"WebSite\",\"@id\":\"https:\\\/\\\/diconsulting.ca\\\/#website\",\"url\":\"https:\\\/\\\/diconsulting.ca\\\/\",\"name\":\"DI Consulting\",\"description\":\"The Diversity Institute, on behalf of the Ministry of Innovation, Science and Economic Development and the Standards Council of Canada, is leading a national consultation to support the 50 \u2013 30 Challenge by developing a shared understanding of the terms and scope of the Challenge.\",\"potentialAction\":[{\"@type\":\"SearchAction\",\"target\":{\"@type\":\"EntryPoint\",\"urlTemplate\":\"https:\\\/\\\/diconsulting.ca\\\/?s={search_term_string}\"},\"query-input\":{\"@type\":\"PropertyValueSpecification\",\"valueRequired\":true,\"valueName\":\"search_term_string\"}}],\"inLanguage\":\"fr-CA\"}]}<\/script>\n<!-- \/ Yoast SEO plugin. -->","yoast_head_json":{"title":"DI Consulting","description":"The Diversity Institute, on behalf of the Ministry of Innovation, Science and Economic Development and the Standards Council of Canada, is leading a national consultation to support the challenge by developing a shared understanding of the terms and scope of the Challenge.","robots":{"index":"index","follow":"follow","max-snippet":"max-snippet:-1","max-image-preview":"max-image-preview:large","max-video-preview":"max-video-preview:-1"},"canonical":"https:\/\/diconsulting.ca\/fr\/","og_locale":"fr_CA","og_type":"article","og_title":"DI Consulting","og_description":"The Diversity Institute, on behalf of the Ministry of Innovation, Science and Economic Development and the Standards Council of Canada, is leading a national consultation to support the challenge by developing a shared understanding of the terms and scope of the Challenge.","og_url":"https:\/\/diconsulting.ca\/fr\/","og_site_name":"DI Consulting","article_modified_time":"2023-04-11T22:13:56+00:00","twitter_card":"summary_large_image","twitter_misc":{"Estimation du temps de lecture":"3 minutes"},"schema":{"@context":"https:\/\/schema.org","@graph":[{"@type":"WebPage","@id":"https:\/\/diconsulting.ca\/","url":"https:\/\/diconsulting.ca\/","name":"DI Consulting","isPartOf":{"@id":"https:\/\/diconsulting.ca\/#website"},"datePublished":"2021-05-11T12:11:08+00:00","dateModified":"2023-04-11T22:13:56+00:00","description":"The Diversity Institute, on behalf of the Ministry of Innovation, Science and Economic Development and the Standards Council of Canada, is leading a national consultation to support the challenge by developing a shared understanding of the terms and scope of the Challenge.","breadcrumb":{"@id":"https:\/\/diconsulting.ca\/#breadcrumb"},"inLanguage":"fr-CA","potentialAction":[{"@type":"ReadAction","target":["https:\/\/diconsulting.ca\/"]}]},{"@type":"BreadcrumbList","@id":"https:\/\/diconsulting.ca\/#breadcrumb","itemListElement":[{"@type":"ListItem","position":1,"name":"Home","item":"https:\/\/diconsulting.ca\/"},{"@type":"ListItem","position":2,"name":"Home"}]},{"@type":"WebSite","@id":"https:\/\/diconsulting.ca\/#website","url":"https:\/\/diconsulting.ca\/","name":"DI Consulting","description":"The Diversity Institute, on behalf of the Ministry of Innovation, Science and Economic Development and the Standards Council of Canada, is leading a national consultation to support the 50 \u2013 30 Challenge by developing a shared understanding of the terms and scope of the Challenge.","potentialAction":[{"@type":"SearchAction","target":{"@type":"EntryPoint","urlTemplate":"https:\/\/diconsulting.ca\/?s={search_term_string}"},"query-input":{"@type":"PropertyValueSpecification","valueRequired":true,"valueName":"search_term_string"}}],"inLanguage":"fr-CA"}]}},"_links":{"self":[{"href":"https:\/\/diconsulting.ca\/fr\/wp-json\/wp\/v2\/pages\/2","targetHints":{"allow":["GET"]}}],"collection":[{"href":"https:\/\/diconsulting.ca\/fr\/wp-json\/wp\/v2\/pages"}],"about":[{"href":"https:\/\/diconsulting.ca\/fr\/wp-json\/wp\/v2\/types\/page"}],"author":[{"embeddable":true,"href":"https:\/\/diconsulting.ca\/fr\/wp-json\/wp\/v2\/users\/1"}],"replies":[{"embeddable":true,"href":"https:\/\/diconsulting.ca\/fr\/wp-json\/wp\/v2\/comments?post=2"}],"version-history":[{"count":111,"href":"https:\/\/diconsulting.ca\/fr\/wp-json\/wp\/v2\/pages\/2\/revisions"}],"predecessor-version":[{"id":407,"href":"https:\/\/diconsulting.ca\/fr\/wp-json\/wp\/v2\/pages\/2\/revisions\/407"}],"wp:attachment":[{"href":"https:\/\/diconsulting.ca\/fr\/wp-json\/wp\/v2\/media?parent=2"}],"curies":[{"name":"wp","href":"https:\/\/api.w.org\/{rel}","templated":true}]}}